{"id":408,"date":"2023-12-14T16:48:51","date_gmt":"2023-12-14T16:48:51","guid":{"rendered":"https:\/\/streaming-planet.de\/videoblog\/?page_id=408"},"modified":"2023-12-14T16:48:51","modified_gmt":"2023-12-14T16:48:51","slug":"cookies","status":"publish","type":"page","link":"https:\/\/streaming-planet.de\/videoblog\/cookies\/","title":{"rendered":"Cookies"},"content":{"rendered":"<h2 id=\"m3\">Verantwortlicher<\/h2>\n<p>Marc Szeglat<br \/>\nD\u00fclmener Stra\u00dfe 11<br \/>\n46117 Oberhausen<\/p>\n<p><strong>E-Mail-Adresse:<\/strong> <a href=\"mailto:info@vulkane.net\">info@streaming-planet.de<\/a><\/p>\n<h2 id=\"m134\">Einsatz von Cookies<\/h2>\n<p>Cookies sind Textdateien, die Daten von besuchten Websites oder Domains enthalten und von einem Browser auf dem Computer des Benutzers gespeichert werden. Ein Cookie dient in erster Linie dazu, die Informationen \u00fcber einen Benutzer w\u00e4hrend oder nach seinem Besuch innerhalb eines Onlineangebotes zu speichern. Zu den gespeicherten Angaben k\u00f6nnen z.B. die Spracheinstellungen auf einer Webseite, der Loginstatus, ein Warenkorb oder die Stelle, an der ein Video geschaut wurde, geh\u00f6ren. Zu dem Begriff der Cookies z\u00e4hlen wir ferner andere Technologien, die die gleichen Funktionen wie Cookies erf\u00fcllen (z.B., wenn Angaben der Nutzer anhand pseudonymer Onlinekennzeichnungen gespeichert werden, auch als &#8222;Nutzer-IDs&#8220; bezeichnet)<\/p>\n<p><strong>Die folgenden Cookie-Typen und Funktionen werden unterschieden:<\/strong><\/p>\n<ul>\n<li><strong>Tempor\u00e4re Cookies (auch: Session- oder Sitzungs-Cookies):<\/strong>\u00a0Tempor\u00e4re Cookies werden sp\u00e4testens gel\u00f6scht, nachdem ein Nutzer ein Online-Angebot verlassen und seinen Browser geschlossen hat.<\/li>\n<li><strong>Permanente Cookies:<\/strong>\u00a0Permanente Cookies bleiben auch nach dem Schlie\u00dfen des Browsers gespeichert. So kann beispielsweise der Login-Status gespeichert oder bevorzugte Inhalte direkt angezeigt werden, wenn der Nutzer eine Website erneut besucht. Ebenso k\u00f6nnen die Interessen von Nutzern, die zur Reichweitenmessung oder zu Marketingzwecken verwendet werden, in einem solchen Cookie gespeichert werden.<\/li>\n<li><strong>First-Party-Cookies:<\/strong>\u00a0First-Party-Cookies werden von uns selbst gesetzt.<\/li>\n<li><strong>Third-Party-Cookies (auch: Drittanbieter-Cookies)<\/strong>: Drittanbieter-Cookies werden haupts\u00e4chlich von Werbetreibenden (sog. Dritten) verwendet, um Benutzerinformationen zu verarbeiten.<\/li>\n<li><strong>Notwendige (auch: essentielle oder unbedingt erforderliche) Cookies:<\/strong> Cookies k\u00f6nnen zum einen f\u00fcr den Betrieb einer Webseite unbedingt erforderlich sein (z.B. um Logins oder andere Nutzereingaben zu speichern oder aus Gr\u00fcnden der Sicherheit).<\/li>\n<li><strong>Statistik-, Marketing- und Personalisierungs-Cookies<\/strong>: Ferner werden Cookies im Regelfall auch im Rahmen der Reichweitenmessung eingesetzt sowie dann, wenn die Interessen eines Nutzers oder sein Verhalten (z.B. Betrachten bestimmter Inhalte, Nutzen von Funktionen etc.) auf einzelnen Webseiten in einem Nutzerprofil gespeichert werden. Solche Profile dienen dazu, den Nutzern z.B. Inhalte anzuzeigen, die ihren potentiellen Interessen entsprechen. Dieses Verfahren wird auch als &#8222;Tracking&#8220;, d.h., Nachverfolgung der potentiellen Interessen der Nutzer bezeichnet. Soweit wir Cookies oder &#8222;Tracking&#8220;-Technologien einsetzen, informieren wir Sie gesondert in unserer Datenschutzerkl\u00e4rung oder im Rahmen der Einholung einer Einwilligung.<\/li>\n<\/ul>\n<p><strong>Hinweise zu Rechtsgrundlagen: <\/strong> Auf welcher Rechtsgrundlage wir Ihre personenbezogenen Daten mit Hilfe von Cookies verarbeiten, h\u00e4ngt davon ab, ob wir Sie um eine Einwilligung bitten. Falls dies zutrifft und Sie in die Nutzung von Cookies einwilligen, ist die Rechtsgrundlage der Verarbeitung Ihrer Daten die erkl\u00e4rte Einwilligung. Andernfalls werden die mithilfe von Cookies verarbeiteten Daten auf Grundlage unserer berechtigten Interessen (z.B. an einem betriebswirtschaftlichen Betrieb unseres Onlineangebotes und dessen Verbesserung) verarbeitet oder, wenn der Einsatz von Cookies erforderlich ist, um unsere vertraglichen Verpflichtungen zu erf\u00fcllen.<\/p>\n<p><strong>Speicherdauer: <\/strong>Sofern wir Ihnen keine expliziten Angaben zur Speicherdauer von permanenten Cookies mitteilen (z. B. im Rahmen eines sog. Cookie-Opt-Ins), gehen Sie bitte davon aus, dass die Speicherdauer bis zu zwei Jahre betragen kann.<\/p>\n<p><strong>Allgemeine Hinweise zum Widerruf und Widerspruch (Opt-Out): <\/strong> Abh\u00e4ngig davon, ob die Verarbeitung auf Grundlage einer Einwilligung oder gesetzlichen Erlaubnis erfolgt, haben Sie jederzeit die M\u00f6glichkeit, eine erteilte Einwilligung zu widerrufen oder der Verarbeitung Ihrer Daten durch Cookie-Technologien zu widersprechen (zusammenfassend als &#8222;Opt-Out&#8220; bezeichnet). Sie k\u00f6nnen Ihren Widerspruch zun\u00e4chst mittels der Einstellungen Ihres Browsers erkl\u00e4ren, z.B., indem Sie die Nutzung von Cookies deaktivieren (wobei hierdurch auch die Funktionsf\u00e4higkeit unseres Onlineangebotes eingeschr\u00e4nkt werden kann). Ein Widerspruch gegen den Einsatz von Cookies zu Zwecken des Onlinemarketings kann auch mittels einer Vielzahl von Diensten, vor allem im Fall des Trackings, \u00fcber die Webseiten <a href=\"https:\/\/optout.aboutads.info\" target=\"_blank\" rel=\"nofollow noopener noreferrer\">https:\/\/optout.aboutads.info<\/a> und <a href=\"https:\/\/www.youronlinechoices.com\/\" target=\"_blank\" rel=\"nofollow noopener noreferrer\">https:\/\/www.youronlinechoices.com\/<\/a> erkl\u00e4rt werden. Daneben k\u00f6nnen Sie weitere Widerspruchshinweise im Rahmen der Angaben zu den eingesetzten Dienstleistern und Cookies erhalten.<\/p>\n<p><strong>Verarbeitung von Cookie-Daten auf Grundlage einer Einwilligung<\/strong>: Bevor wir Daten im Rahmen der Nutzung von Cookies verarbeiten oder verarbeiten lassen, bitten wir die Nutzer um eine jederzeit widerrufbare Einwilligung. Bevor die Einwilligung nicht ausgesprochen wurde, werden allenfalls Cookies eingesetzt, die f\u00fcr den Betrieb unseres Onlineangebotes unbedingt erforderlich sind.<\/p>\n<ul class=\"m-elements\">\n<li><strong>Verarbeitete Datenarten:<\/strong> Nutzungsdaten (z.B. besuchte Webseiten, Interesse an Inhalten, Zugriffszeiten), Meta-\/Kommunikationsdaten (z.B. Ger\u00e4te-Informationen, IP-Adressen).<\/li>\n<li><strong>Betroffene Personen:<\/strong> Nutzer (z.B. Webseitenbesucher, Nutzer von Onlinediensten).<\/li>\n<li><strong>Rechtsgrundlagen:<\/strong> Einwilligung (Art. 6 Abs. 1 S. 1 lit. a DSGVO), Berechtigte Interessen (Art. 6 Abs. 1 S. 1 lit. f. DSGVO).<\/li>\n<\/ul>\n<ul class=\"m-elements\">\n<li>Bennutzung zu Marketingzwecken (<a href=\"https:\/\/adssettings.google.com\/\" target=\"_blank\" rel=\"nofollow noopener noreferrer\">https:\/\/adssettings.google.com\/<\/a>).<\/li>\n<\/ul>\n<p><strong>Genaue Beschreibung eingesetzter Cookies<\/strong><\/p>\n<p><strong>YouTube<\/strong><\/p>\n<p>F\u00fcr Integration und Darstellung von Videoinhalten nutzt unsere Website Plugins von YouTube. Anbieter des Videoportals ist die YouTube, LLC, 901 Cherry Ave., San Bruno, CA 94066, USA.<\/p>\n<p>Bei Aufruf einer Seite mit integriertem YouTube-Plugin wird eine Verbindung zu den Servern von YouTube hergestellt. YouTube erf\u00e4hrt hierdurch, welche unserer Seiten Sie aufgerufen haben.<\/p>\n<p>YouTube kann Ihr Surfverhalten direkt Ihrem pers\u00f6nlichen Profil zuzuordnen, sollten Sie in Ihrem YouTube Konto eingeloggt sein. Durch vorheriges Ausloggen haben Sie die M\u00f6glichkeit, dies zu unterbinden.<\/p>\n<p>Die Nutzung von YouTube erfolgt im Interesse einer ansprechenden Darstellung unserer Online-Angebote. Dies stellt ein berechtigtes Interesse im Sinne von Art. 6 Abs. 1 lit. f DSGVO dar.<\/p>\n<p>Einzelheiten zum Umgang mit Nutzerdaten finden Sie in der Datenschutzerkl\u00e4rung von YouTube unter:\u00a0<a href=\"https:\/\/www.google.de\/intl\/de\/policies\/privacy\">https:\/\/www.google.de\/intl\/de\/policies\/privacy<\/a>.<\/p>\n<p><strong>Vimeo<\/strong><\/p>\n<p>F\u00fcr Integration und Darstellung von Videoinhalten nutzt unsere Website Plugins von Vimeo. Anbieter des Videoportals ist die Vimeo Inc., 555 West 18th Street, New York, New York 10011, USA.<\/p>\n<p>Bei Aufruf einer Seite mit integriertem Vimeo-Plugin wird eine Verbindung zu den Servern von Vimeo hergestellt. Vimeo erf\u00e4hrt hierdurch, welche unserer Seiten Sie aufgerufen haben. Vimeo erf\u00e4hrt Ihre IP-Adresse, selbst wenn Sie nicht beim Videoportal eingeloggt sind oder dort kein Konto besitzen. Es erfolgt eine \u00dcbermittlung der von Vimeo erfassten Informationen an Server des Videoportals in den USA.<\/p>\n<p>Vimeo kann Ihr Surfverhalten direkt Ihrem pers\u00f6nlichen Profil zuordnen. Durch vorheriges Ausloggen haben Sie die M\u00f6glichkeit, dies zu unterbinden.<\/p>\n<p>Einzelheiten zum Umgang mit Nutzerdaten finden Sie in der Datenschutzerkl\u00e4rung von Vimeo unter:\u00a0<a href=\"https:\/\/vimeo.com\/privacy\">https:\/\/vimeo.com\/privacy<\/a>.<\/p>\n<p><strong>Cookies<\/strong><\/p>\n<p>Unsere Website verwendet Cookies. Das sind kleine Textdateien, die Ihr Webbrowser auf Ihrem Endger\u00e4t speichert. Cookies helfen uns dabei, unser Angebot nutzerfreundlicher, effektiver und sicherer zu machen.<\/p>\n<p>Einige Cookies sind Session-Cookies. Solche Cookies werden nach Ende Ihrer Browser-Sitzung von selbst gel\u00f6scht. Hingegen bleiben andere Cookies auf Ihrem Endger\u00e4t bestehen, bis Sie diese selbst l\u00f6schen. Solche Cookies helfen uns, Sie bei R\u00fcckkehr auf unserer Website wiederzuerkennen.<\/p>\n<p>Mit einem modernen Webbrowser k\u00f6nnen Sie das Setzen von Cookies \u00fcberwachen, einschr\u00e4nken oder unterbinden. Viele Webbrowser lassen sich so konfigurieren, dass Cookies mit dem Schlie\u00dfen des Programms von selbst gel\u00f6scht werden. Die Deaktivierung von Cookies kann eine eingeschr\u00e4nkte Funktionalit\u00e4t unserer Website zur Folge haben.<\/p>\n<p>Das Setzen von Cookies, die zur Aus\u00fcbung elektronischer Kommunikationsvorg\u00e4nge oder der Bereitstellung bestimmter, von Ihnen erw\u00fcnschter Funktionen (z.B. Warenkorb) notwendig sind, erfolgt auf Grundlage von Art. 6 Abs. 1 lit. f DSGVO. Als Betreiber dieser Website haben wir ein berechtigtes Interesse an der Speicherung von Cookies zur technisch fehlerfreien und reibungslosen Bereitstellung unserer Dienste. Sofern die Setzung anderer Cookies (z.B. f\u00fcr Analyse-Funktionen) erfolgt, werden diese in dieser Datenschutzerkl\u00e4rung separat behandelt.<\/p>\n<p><strong>Twitter Plugin<\/strong><\/p>\n<p>Unsere Website vewendet Funktionen des Dienstes Twitter. Anbieter ist die Twitter Inc., 1355 Market Street, Suite 900, San Francisco, CA 94103, USA.<\/p>\n<p>Bei Nutzung von Twitter und der Funktion &#8222;Re-Tweet&#8220; werden von Ihnen besuchte Websites mit Ihrem Twitter-Account verkn\u00fcpft und in Ihrem Twitter-Feed ver\u00f6ffentlicht. Dabei erfolgt eine \u00dcbermittlung von Daten an Twitter. \u00dcber den Inhalt der \u00fcbermittelten Daten sowie die Nutzung dieser Daten durch Twitter haben wir keine Kenntnis. Einzelheiten finden Sie in der Datenschutzerkl\u00e4rung von Twitter:\u00a0<a href=\"https:\/\/twitter.com\/privacy\">https:\/\/twitter.com\/privacy<\/a>.<\/p>\n<p>Sie k\u00f6nnen Ihre Datenschutzeinstellungen bei Twitter \u00e4ndern:\u00a0<a href=\"https:\/\/twitter.com\/account\/settings\">https:\/\/twitter.com\/account\/settings<\/a><\/p>\n<p><strong>Amazon Partnerprogramm<\/strong><\/p>\n<p>Als Betreiber dieser Website nehmen wir am Amazon EU-Partnerprogramm teil. Auf unseren Seiten sind Werbeanzeigen von Amazon sowie Links zu Amazon eingebunden, um damit Geld \u00fcber Werbekostenerstattungen zu verdienen. Es gelangen Amazon-Cookies zum Einsatz, wodurch Amazon erkennt, dass Sie einen Partnerlink auf unserer Website geklickt haben.<\/p>\n<p>Die Speicherung von Amazon-Cookies erfolgt auf Grundlage von Art. 6 lit. f DSGVO. Als Websitebetreiber haben wir hieran ein berechtigtes Interesse, da nur durch die Cookies die H\u00f6he der Werbekostenerstattung feststellbar ist.<\/p>\n<p>Einzelheiten zur Datennutzung durch Amazon finden Sie in der Amazon Datenschutzerkl\u00e4rung:\u00a0<a href=\"https:\/\/www.amazon.de\/gp\/help\/customer\/display.html\/ref=footer_privacy?ie=UTF8&amp;nodeId=3312401\">https:\/\/www.amazon.de\/gp\/help\/customer\/display.html\/ref=footer_privacy?ie=UTF8&amp;nodeId=3312401<\/a>.<\/p>\n<p><strong>Google AdSense<\/strong><\/p>\n<p>Unsere Website verwendet Google AdSense. Anbieter ist die Google Inc., 1600 Amphitheatre Parkway, Mountain View, CA 94043, USA.<\/p>\n<p>Google AdSense dient der Einbindung von Werbeanzeigen und setzt Cookies. Cookies sind kleine Textdateien, die Ihr Webbrowser auf Ihrem Endger\u00e4t speichert, um die Nutzung der Website analysieren. Google AdSense setzt au\u00dferdem Web Beacons ein. Web Beacons sind unsichtbare Grafiken, die eine Analyse des Besucherverkehrs auf unserer Wesite erm\u00f6glichen.<\/p>\n<p>Durch Cookies und Web Beacons erzeugten Informationen werden an Server von Google \u00fcbertragen und dort gespeichert. Serverstandort sind die USA. Google kann diese Informationen an Vertragspartner weiterreichen. Ihre IP-Adresse wird Google jedoch nicht mit anderen von Ihnen gespeicherten Daten zusammenf\u00fchren.<\/p>\n<p>Die Speicherung von AdSense-Cookies erfolgt auf Grundlage von Art. 6 Abs. 1 lit. f DSGVO. Wir als Websitebetreiber haben ein berechtigtes Interesse an der Analyse des Nutzerverhaltens, um unser Webangebot und unsere Werbung zu optimieren.<\/p>\n<p>Mit einem modernen Webbrowser k\u00f6nnen Sie das Setzen von Cookies \u00fcberwachen, einschr\u00e4nken und unterbinden. Die Deaktivierung von Cookies kann eine eingeschr\u00e4nkte Funktionalit\u00e4t unserer Website zur Folge haben. Durch die Nutzung unserer Website erkl\u00e4ren Sie sich mit der Bearbeitung der \u00fcber Sie erhobenen Daten durch Google in der zuvor beschriebenen Art und Weise sowie dem zuvor benannten Zweck einverstanden.<\/p>\n<p><strong>VG-Wort<\/strong><\/p>\n<p>Die Beitr\u00e4ge enthalten Z\u00e4hlpixel der VG Wort. Sie sammeln Daten \u00fcber Anzahl der Zugriffe und der Lokation, von der sie erfolgen. Dienstanbieter: Verwertungsgesellschaft WORT (VG WORT), Rechtsf\u00e4higer Verein kraft Verleihung, Untere Weidenstra\u00dfe 5, 81543 M\u00fcnchen. Die Datenschutzerk\u00e4rung der VG Wort finden sie hier: https:\/\/www.vgwort.de\/hilfsseiten\/datenschutz.html.<\/p>\n","protected":false},"excerpt":{"rendered":"<p>Verantwortlicher Marc Szeglat D\u00fclmener Stra\u00dfe 11 46117 Oberhausen E-Mail-Adresse: info@streaming-planet.de Einsatz von Cookies Cookies sind Textdateien, die Daten von besuchten Websites oder Domains enthalten und von einem Browser auf dem Computer des Benutzers gespeichert werden. Ein Cookie dient in erster Linie dazu, die Informationen \u00fcber einen Benutzer w\u00e4hrend oder nach seinem Besuch innerhalb eines Onlineangebotes [&hellip;]<\/p>\n","protected":false},"author":1,"featured_media":0,"parent":0,"menu_order":0,"comment_status":"closed","ping_status":"closed","template":"","meta":{"footnotes":""},"class_list":["post-408","page","type-page","status-publish","hentry"],"yoast_head":"<!-- This site is optimized with the Yoast SEO plugin v26.9 - https:\/\/yoast.com\/product\/yoast-seo-wordpress\/ -->\n<title>Cookies - Streaming Planet Videoblog<\/title>\n<meta name=\"robots\" content=\"index, follow, max-snippet:-1, max-image-preview:large, max-video-preview:-1\" \/>\n<link rel=\"canonical\" href=\"https:\/\/streaming-planet.de\/videoblog\/cookies\/\" \/>\n<meta property=\"og:locale\" content=\"de_DE\" \/>\n<meta property=\"og:type\" content=\"article\" \/>\n<meta property=\"og:title\" content=\"Cookies - Streaming Planet Videoblog\" \/>\n<meta property=\"og:description\" content=\"Verantwortlicher Marc Szeglat D\u00fclmener Stra\u00dfe 11 46117 Oberhausen E-Mail-Adresse: info@streaming-planet.de Einsatz von Cookies Cookies sind Textdateien, die Daten von besuchten Websites oder Domains enthalten und von einem Browser auf dem Computer des Benutzers gespeichert werden. Ein Cookie dient in erster Linie dazu, die Informationen \u00fcber einen Benutzer w\u00e4hrend oder nach seinem Besuch innerhalb eines Onlineangebotes [&hellip;]\" \/>\n<meta property=\"og:url\" content=\"https:\/\/streaming-planet.de\/videoblog\/cookies\/\" \/>\n<meta property=\"og:site_name\" content=\"Streaming Planet Videoblog\" \/>\n<meta property=\"article:publisher\" content=\"https:\/\/www.facebook.com\/marc.vulkan\" \/>\n<meta name=\"twitter:card\" content=\"summary_large_image\" \/>\n<meta name=\"twitter:label1\" content=\"Gesch\u00e4tzte Lesezeit\" \/>\n\t<meta name=\"twitter:data1\" content=\"9\u00a0Minuten\" \/>\n<script type=\"application\/ld+json\" class=\"yoast-schema-graph\">{\"@context\":\"https:\/\/schema.org\",\"@graph\":[{\"@type\":\"WebPage\",\"@id\":\"https:\/\/streaming-planet.de\/videoblog\/cookies\/\",\"url\":\"https:\/\/streaming-planet.de\/videoblog\/cookies\/\",\"name\":\"Cookies - Streaming Planet Videoblog\",\"isPartOf\":{\"@id\":\"https:\/\/streaming-planet.de\/videoblog\/#website\"},\"datePublished\":\"2023-12-14T16:48:51+00:00\",\"breadcrumb\":{\"@id\":\"https:\/\/streaming-planet.de\/videoblog\/cookies\/#breadcrumb\"},\"inLanguage\":\"de\",\"potentialAction\":[{\"@type\":\"ReadAction\",\"target\":[\"https:\/\/streaming-planet.de\/videoblog\/cookies\/\"]}]},{\"@type\":\"BreadcrumbList\",\"@id\":\"https:\/\/streaming-planet.de\/videoblog\/cookies\/#breadcrumb\",\"itemListElement\":[{\"@type\":\"ListItem\",\"position\":1,\"name\":\"Startseite\",\"item\":\"https:\/\/streaming-planet.de\/videoblog\/\"},{\"@type\":\"ListItem\",\"position\":2,\"name\":\"Cookies\"}]},{\"@type\":\"WebSite\",\"@id\":\"https:\/\/streaming-planet.de\/videoblog\/#website\",\"url\":\"https:\/\/streaming-planet.de\/videoblog\/\",\"name\":\"Streaming Planet Videoblog\",\"description\":\"Reisevideos und Naturdokumentationen bei Streaming Planet\",\"publisher\":{\"@id\":\"https:\/\/streaming-planet.de\/videoblog\/#\/schema\/person\/dfa06aa404ae6a2167b765f79703a244\"},\"potentialAction\":[{\"@type\":\"SearchAction\",\"target\":{\"@type\":\"EntryPoint\",\"urlTemplate\":\"https:\/\/streaming-planet.de\/videoblog\/?s={search_term_string}\"},\"query-input\":{\"@type\":\"PropertyValueSpecification\",\"valueRequired\":true,\"valueName\":\"search_term_string\"}}],\"inLanguage\":\"de\"},{\"@type\":[\"Person\",\"Organization\"],\"@id\":\"https:\/\/streaming-planet.de\/videoblog\/#\/schema\/person\/dfa06aa404ae6a2167b765f79703a244\",\"name\":\"Marc Szeglat\",\"image\":{\"@type\":\"ImageObject\",\"inLanguage\":\"de\",\"@id\":\"https:\/\/streaming-planet.de\/videoblog\/#\/schema\/person\/image\/\",\"url\":\"https:\/\/www.streaming-planet.de\/reiseblog\/wp-content\/uploads\/2023\/10\/marc-vesuv.jpg\",\"contentUrl\":\"https:\/\/www.streaming-planet.de\/reiseblog\/wp-content\/uploads\/2023\/10\/marc-vesuv.jpg\",\"width\":750,\"height\":500,\"caption\":\"Marc Szeglat\"},\"logo\":{\"@id\":\"https:\/\/streaming-planet.de\/videoblog\/#\/schema\/person\/image\/\"},\"description\":\"Marc Szeglat bereist als Kameramann, Autor und Blogger die Welt. Sein Spezialgebiet ist der Vulkanismus. Als Afrika-Liebhaber arbeitet er aber auch immer wieder mit urspr\u00fcnglichen V\u00f6lkern zusammen.\",\"sameAs\":[\"https:\/\/www.facebook.com\/marc.vulkan\",\"https:\/\/www.instagram.com\/marc_volcano\/\"]}]}<\/script>\n<!-- \/ Yoast SEO plugin. -->","yoast_head_json":{"title":"Cookies - Streaming Planet Videoblog","robots":{"index":"index","follow":"follow","max-snippet":"max-snippet:-1","max-image-preview":"max-image-preview:large","max-video-preview":"max-video-preview:-1"},"canonical":"https:\/\/streaming-planet.de\/videoblog\/cookies\/","og_locale":"de_DE","og_type":"article","og_title":"Cookies - Streaming Planet Videoblog","og_description":"Verantwortlicher Marc Szeglat D\u00fclmener Stra\u00dfe 11 46117 Oberhausen E-Mail-Adresse: info@streaming-planet.de Einsatz von Cookies Cookies sind Textdateien, die Daten von besuchten Websites oder Domains enthalten und von einem Browser auf dem Computer des Benutzers gespeichert werden. Ein Cookie dient in erster Linie dazu, die Informationen \u00fcber einen Benutzer w\u00e4hrend oder nach seinem Besuch innerhalb eines Onlineangebotes [&hellip;]","og_url":"https:\/\/streaming-planet.de\/videoblog\/cookies\/","og_site_name":"Streaming Planet Videoblog","article_publisher":"https:\/\/www.facebook.com\/marc.vulkan","twitter_card":"summary_large_image","twitter_misc":{"Gesch\u00e4tzte Lesezeit":"9\u00a0Minuten"},"schema":{"@context":"https:\/\/schema.org","@graph":[{"@type":"WebPage","@id":"https:\/\/streaming-planet.de\/videoblog\/cookies\/","url":"https:\/\/streaming-planet.de\/videoblog\/cookies\/","name":"Cookies - Streaming Planet Videoblog","isPartOf":{"@id":"https:\/\/streaming-planet.de\/videoblog\/#website"},"datePublished":"2023-12-14T16:48:51+00:00","breadcrumb":{"@id":"https:\/\/streaming-planet.de\/videoblog\/cookies\/#breadcrumb"},"inLanguage":"de","potentialAction":[{"@type":"ReadAction","target":["https:\/\/streaming-planet.de\/videoblog\/cookies\/"]}]},{"@type":"BreadcrumbList","@id":"https:\/\/streaming-planet.de\/videoblog\/cookies\/#breadcrumb","itemListElement":[{"@type":"ListItem","position":1,"name":"Startseite","item":"https:\/\/streaming-planet.de\/videoblog\/"},{"@type":"ListItem","position":2,"name":"Cookies"}]},{"@type":"WebSite","@id":"https:\/\/streaming-planet.de\/videoblog\/#website","url":"https:\/\/streaming-planet.de\/videoblog\/","name":"Streaming Planet Videoblog","description":"Reisevideos und Naturdokumentationen bei Streaming Planet","publisher":{"@id":"https:\/\/streaming-planet.de\/videoblog\/#\/schema\/person\/dfa06aa404ae6a2167b765f79703a244"},"potentialAction":[{"@type":"SearchAction","target":{"@type":"EntryPoint","urlTemplate":"https:\/\/streaming-planet.de\/videoblog\/?s={search_term_string}"},"query-input":{"@type":"PropertyValueSpecification","valueRequired":true,"valueName":"search_term_string"}}],"inLanguage":"de"},{"@type":["Person","Organization"],"@id":"https:\/\/streaming-planet.de\/videoblog\/#\/schema\/person\/dfa06aa404ae6a2167b765f79703a244","name":"Marc Szeglat","image":{"@type":"ImageObject","inLanguage":"de","@id":"https:\/\/streaming-planet.de\/videoblog\/#\/schema\/person\/image\/","url":"https:\/\/www.streaming-planet.de\/reiseblog\/wp-content\/uploads\/2023\/10\/marc-vesuv.jpg","contentUrl":"https:\/\/www.streaming-planet.de\/reiseblog\/wp-content\/uploads\/2023\/10\/marc-vesuv.jpg","width":750,"height":500,"caption":"Marc Szeglat"},"logo":{"@id":"https:\/\/streaming-planet.de\/videoblog\/#\/schema\/person\/image\/"},"description":"Marc Szeglat bereist als Kameramann, Autor und Blogger die Welt. Sein Spezialgebiet ist der Vulkanismus. Als Afrika-Liebhaber arbeitet er aber auch immer wieder mit urspr\u00fcnglichen V\u00f6lkern zusammen.","sameAs":["https:\/\/www.facebook.com\/marc.vulkan","https:\/\/www.instagram.com\/marc_volcano\/"]}]}},"_links":{"self":[{"href":"https:\/\/streaming-planet.de\/videoblog\/wp-json\/wp\/v2\/pages\/408","targetHints":{"allow":["GET"]}}],"collection":[{"href":"https:\/\/streaming-planet.de\/videoblog\/wp-json\/wp\/v2\/pages"}],"about":[{"href":"https:\/\/streaming-planet.de\/videoblog\/wp-json\/wp\/v2\/types\/page"}],"author":[{"embeddable":true,"href":"https:\/\/streaming-planet.de\/videoblog\/wp-json\/wp\/v2\/users\/1"}],"replies":[{"embeddable":true,"href":"https:\/\/streaming-planet.de\/videoblog\/wp-json\/wp\/v2\/comments?post=408"}],"version-history":[{"count":2,"href":"https:\/\/streaming-planet.de\/videoblog\/wp-json\/wp\/v2\/pages\/408\/revisions"}],"predecessor-version":[{"id":410,"href":"https:\/\/streaming-planet.de\/videoblog\/wp-json\/wp\/v2\/pages\/408\/revisions\/410"}],"wp:attachment":[{"href":"https:\/\/streaming-planet.de\/videoblog\/wp-json\/wp\/v2\/media?parent=408"}],"curies":[{"name":"wp","href":"https:\/\/api.w.org\/{rel}","templated":true}]}}